{"id":13309,"date":"2023-03-24T11:03:26","date_gmt":"2023-03-24T11:03:26","guid":{"rendered":"https:\/\/vigorous-diffie.82-165-57-12.plesk.page\/?page_id=13309"},"modified":"2023-07-11T07:52:37","modified_gmt":"2023-07-11T07:52:37","slug":"karriere","status":"publish","type":"page","link":"https:\/\/imt.ruhr\/?page_id=13309","title":{"rendered":"Karriere"},"content":{"rendered":"\t\t<div data-elementor-type=\"wp-page\" data-elementor-id=\"13309\" class=\"elementor elementor-13309\" data-elementor-post-type=\"page\">\n\t\t\t\t\t\t<section class=\"elementor-section elementor-top-section elementor-element elementor-element-c02130f elementor-section-boxed elementor-section-height-default elementor-section-height-default\" data-id=\"c02130f\" data-element_type=\"section\">\n\t\t\t\t\t\t<div class=\"elementor-container elementor-column-gap-wider\">\n\t\t\t\t\t<div class=\"elementor-column elementor-col-50 elementor-top-column elementor-element elementor-element-0f1e631\" data-id=\"0f1e631\" data-element_type=\"column\">\n\t\t\t<div class=\"elementor-widget-wrap elementor-element-populated\">\n\t\t\t\t\t\t<div class=\"elementor-element elementor-element-ebbf4b3 elementor-widget elementor-widget-heading\" data-id=\"ebbf4b3\" data-element_type=\"widget\" data-widget_type=\"heading.default\">\n\t\t\t\t<div class=\"elementor-widget-container\">\n\t\t\t\t\t<h4 class=\"elementor-heading-title elementor-size-default\">Mit Leidenschaft f\u00fcr Immobilien - <\/h4>\t\t\t\t<\/div>\n\t\t\t\t<\/div>\n\t\t\t\t<div class=\"elementor-element elementor-element-93679ae elementor-widget elementor-widget-spacer\" data-id=\"93679ae\" data-element_type=\"widget\" data-widget_type=\"spacer.default\">\n\t\t\t\t<div class=\"elementor-widget-container\">\n\t\t\t\t\t\t\t<div class=\"elementor-spacer\">\n\t\t\t<div class=\"elementor-spacer-inner\"><\/div>\n\t\t<\/div>\n\t\t\t\t\t\t<\/div>\n\t\t\t\t<\/div>\n\t\t\t\t<div class=\"elementor-element elementor-element-ffb3410 elementor-widget elementor-widget-heading\" data-id=\"ffb3410\" data-element_type=\"widget\" data-widget_type=\"heading.default\">\n\t\t\t\t<div class=\"elementor-widget-container\">\n\t\t\t\t\t<h4 class=\"elementor-heading-title elementor-size-default\">Werde Teil unseres dynamischen Teams!<\/h4>\t\t\t\t<\/div>\n\t\t\t\t<\/div>\n\t\t\t\t<div class=\"elementor-element elementor-element-21db449 elementor-widget elementor-widget-spacer\" data-id=\"21db449\" data-element_type=\"widget\" data-widget_type=\"spacer.default\">\n\t\t\t\t<div class=\"elementor-widget-container\">\n\t\t\t\t\t\t\t<div class=\"elementor-spacer\">\n\t\t\t<div class=\"elementor-spacer-inner\"><\/div>\n\t\t<\/div>\n\t\t\t\t\t\t<\/div>\n\t\t\t\t<\/div>\n\t\t\t\t<div class=\"elementor-element elementor-element-0a85eda elementor-widget elementor-widget-text-editor\" data-id=\"0a85eda\" data-element_type=\"widget\" data-widget_type=\"text-editor.default\">\n\t\t\t\t<div class=\"elementor-widget-container\">\n\t\t\t\t\t\t\t\t\t<p>IMT Ruhrgebiet ist eine etablierte Immobilien Verwaltung im Herzen des Ruhrgebiets. Mit unserer langj\u00e4hrigen Erfahrung und unserem kompetenten Team sind wir ein verl\u00e4sslicher Partner f\u00fcr unsere Kunden. Zur Verst\u00e4rkung unseres Teams suchen wir derzeit motivierte und engagierte Mitarbeiter, die mit uns gemeinsam erfolgreich arbeiten m\u00f6chten.<\/p><p>Wir bieten Ihnen eine abwechslungsreiche und spannende T\u00e4tigkeit in einem modernen Arbeitsumfeld sowie eine leistungsgerechte Verg\u00fctung und flexible Arbeitszeiten. Bei uns haben Sie die M\u00f6glichkeit, Ihre F\u00e4higkeiten und Kenntnisse kontinuierlich zu erweitern und sich beruflich weiterzuentwickeln. Wir legen gro\u00dfen Wert auf ein kollegiales Miteinander und eine offene Kommunikation. Wenn Sie sich mit unserer Unternehmensphilosophie identifizieren und ein Teil unseres Teams werden m\u00f6chten, freuen wir uns auf Ihre Bewerbung!<\/p>\t\t\t\t\t\t\t\t<\/div>\n\t\t\t\t<\/div>\n\t\t\t\t\t<\/div>\n\t\t<\/div>\n\t\t\t\t<div class=\"elementor-column elementor-col-50 elementor-top-column elementor-element elementor-element-2ff7e69\" data-id=\"2ff7e69\" data-element_type=\"column\">\n\t\t\t<div class=\"elementor-widget-wrap elementor-element-populated\">\n\t\t\t\t\t\t<div class=\"elementor-element elementor-element-f9d7ca2 elementor-widget elementor-widget-image\" data-id=\"f9d7ca2\" data-element_type=\"widget\" data-widget_type=\"image.default\">\n\t\t\t\t<div class=\"elementor-widget-container\">\n\t\t\t\t\t\t\t\t\t\t\t\t\t\t\t<img decoding=\"async\" src=\"https:\/\/imt.ruhr\/wp-content\/uploads\/elementor\/thumbs\/DSCF7420-scaled-q44jd847tpyttglrdeoza61iybl95w3mxekcteus6g.jpg\" title=\"DSCF7420\" alt=\"DSCF7420\" loading=\"lazy\" \/>\t\t\t\t\t\t\t\t\t\t\t\t\t\t\t<\/div>\n\t\t\t\t<\/div>\n\t\t\t\t<div class=\"elementor-element elementor-element-7f4c6b5 elementor-widget elementor-widget-image\" data-id=\"7f4c6b5\" data-element_type=\"widget\" data-widget_type=\"image.default\">\n\t\t\t\t<div class=\"elementor-widget-container\">\n\t\t\t\t\t\t\t\t\t\t\t\t\t\t\t<img decoding=\"async\" src=\"https:\/\/imt.ruhr\/wp-content\/uploads\/elementor\/thumbs\/DSCF7380-scaled-q45614yxv59ci5x99bv8h0fp40p3mtuz36fwxaj17k.jpg\" title=\"DSCF7380\" alt=\"DSCF7380\" loading=\"lazy\" \/>\t\t\t\t\t\t\t\t\t\t\t\t\t\t\t<\/div>\n\t\t\t\t<\/div>\n\t\t\t\t\t<\/div>\n\t\t<\/div>\n\t\t\t\t\t<\/div>\n\t\t<\/section>\n\t\t\t\t<section class=\"elementor-section elementor-top-section elementor-element elementor-element-a6082e4 elementor-section-boxed elementor-section-height-default elementor-section-height-default\" data-id=\"a6082e4\" data-element_type=\"section\" data-settings=\"{&quot;background_background&quot;:&quot;classic&quot;}\">\n\t\t\t\t\t\t<div class=\"elementor-container elementor-column-gap-wider\">\n\t\t\t\t\t<div class=\"elementor-column elementor-col-100 elementor-top-column elementor-element elementor-element-69af4c8\" data-id=\"69af4c8\" data-element_type=\"column\">\n\t\t\t<div class=\"elementor-widget-wrap elementor-element-populated\">\n\t\t\t\t\t\t<div class=\"elementor-element elementor-element-0b6c217 elementor-widget elementor-widget-heading\" data-id=\"0b6c217\" data-element_type=\"widget\" data-widget_type=\"heading.default\">\n\t\t\t\t<div class=\"elementor-widget-container\">\n\t\t\t\t\t<h3 class=\"elementor-heading-title elementor-size-default\">Wir freuen uns auf Ihre Bewerbung und darauf, Sie kennenzulernen!<\/h3>\t\t\t\t<\/div>\n\t\t\t\t<\/div>\n\t\t\t\t<div class=\"elementor-element elementor-element-396092f elementor-widget elementor-widget-spacer\" data-id=\"396092f\" data-element_type=\"widget\" data-widget_type=\"spacer.default\">\n\t\t\t\t<div class=\"elementor-widget-container\">\n\t\t\t\t\t\t\t<div class=\"elementor-spacer\">\n\t\t\t<div class=\"elementor-spacer-inner\"><\/div>\n\t\t<\/div>\n\t\t\t\t\t\t<\/div>\n\t\t\t\t<\/div>\n\t\t\t\t<div class=\"elementor-element elementor-element-5041212 elementor-widget elementor-widget-heading\" data-id=\"5041212\" data-element_type=\"widget\" data-widget_type=\"heading.default\">\n\t\t\t\t<div class=\"elementor-widget-container\">\n\t\t\t\t\t<h3 class=\"elementor-heading-title elementor-size-default\">Kontaktieren Sie uns jetzt!<\/h3>\t\t\t\t<\/div>\n\t\t\t\t<\/div>\n\t\t\t\t<div class=\"elementor-element elementor-element-e44c8cb elementor-widget elementor-widget-spacer\" data-id=\"e44c8cb\" data-element_type=\"widget\" data-widget_type=\"spacer.default\">\n\t\t\t\t<div class=\"elementor-widget-container\">\n\t\t\t\t\t\t\t<div class=\"elementor-spacer\">\n\t\t\t<div class=\"elementor-spacer-inner\"><\/div>\n\t\t<\/div>\n\t\t\t\t\t\t<\/div>\n\t\t\t\t<\/div>\n\t\t\t\t<div class=\"elementor-element elementor-element-5358ecc elementor-align-center elementor-widget elementor-widget-the7_button_widget\" data-id=\"5358ecc\" data-element_type=\"widget\" data-widget_type=\"the7_button_widget.default\">\n\t\t\t\t<div class=\"elementor-widget-container\">\n\t\t\t\t\t<div class=\"elementor-button-wrapper\"><a href=\"https:\/\/imt.ruhr\/?page_id=10018\" class=\"box-button elementor-button elementor-size-xl\">Jetzt Termin vereinbaren!<\/a><\/div>\t\t\t\t<\/div>\n\t\t\t\t<\/div>\n\t\t\t\t\t<\/div>\n\t\t<\/div>\n\t\t\t\t\t<\/div>\n\t\t<\/section>\n\t\t\t\t<section class=\"elementor-section elementor-top-section elementor-element elementor-element-7d872f2 elementor-section-boxed elementor-section-height-default elementor-section-height-default\" data-id=\"7d872f2\" data-element_type=\"section\">\n\t\t\t\t\t\t<div class=\"elementor-container elementor-column-gap-default\">\n\t\t\t\t\t<div class=\"elementor-column elementor-col-100 elementor-top-column elementor-element elementor-element-97df833\" data-id=\"97df833\" data-element_type=\"column\">\n\t\t\t<div class=\"elementor-widget-wrap elementor-element-populated\">\n\t\t\t\t\t\t<div class=\"elementor-element elementor-element-18154fa elementor-widget elementor-widget-heading\" data-id=\"18154fa\" data-element_type=\"widget\" data-widget_type=\"heading.default\">\n\t\t\t\t<div class=\"elementor-widget-container\">\n\t\t\t\t\t<h4 class=\"elementor-heading-title elementor-size-default\">Offene Stellen<\/h4>\t\t\t\t<\/div>\n\t\t\t\t<\/div>\n\t\t\t\t<div class=\"elementor-element elementor-element-4320f46 elementor-widget__width-initial animated-fast elementor-invisible elementor-widget elementor-widget-spacer\" data-id=\"4320f46\" data-element_type=\"widget\" data-settings=\"{&quot;_animation&quot;:&quot;fadeInLeft&quot;,&quot;_animation_delay&quot;:1000}\" data-widget_type=\"spacer.default\">\n\t\t\t\t<div class=\"elementor-widget-container\">\n\t\t\t\t\t\t\t<div class=\"elementor-spacer\">\n\t\t\t<div class=\"elementor-spacer-inner\"><\/div>\n\t\t<\/div>\n\t\t\t\t\t\t<\/div>\n\t\t\t\t<\/div>\n\t\t\t\t\t<\/div>\n\t\t<\/div>\n\t\t\t\t\t<\/div>\n\t\t<\/section>\n\t\t\t\t<section class=\"elementor-section elementor-top-section elementor-element elementor-element-e81efe9 elementor-section-boxed elementor-section-height-default elementor-section-height-default\" data-id=\"e81efe9\" data-element_type=\"section\">\n\t\t\t\t\t\t<div class=\"elementor-container elementor-column-gap-default\">\n\t\t\t\t\t<div class=\"elementor-column elementor-col-25 elementor-top-column elementor-element elementor-element-85284ba\" data-id=\"85284ba\" data-element_type=\"column\">\n\t\t\t<div class=\"elementor-widget-wrap elementor-element-populated\">\n\t\t\t\t\t\t<div class=\"elementor-element elementor-element-19fe734 icon-vertical-align-center content-align-left icon-box-vertical-align-top preserve-img-ratio-cover elementor-widget elementor-widget-the7_image_box_widget\" data-id=\"19fe734\" data-element_type=\"widget\" data-widget_type=\"the7_image_box_widget.default\">\n\t\t\t\t<div class=\"elementor-widget-container\">\n\t\t\t\t\t\n\t\t<div class=\"the7-box-wrapper the7-elementor-widget the7_image_box_widget-19fe734\">\t\t\t<div class=\"box-content-wrapper\">\n\t\t\t\t\t\t\t\t<div class=\"elementor-image-div \">\n\t\t\t\t\t<a class=\"post-thumbnail-rollover layzr-bg img-css-resize-wrapper\" ><img fetchpriority=\"high\" decoding=\"async\" width=\"2560\" height=\"1707\" src=\"data:image\/svg+xml,%3Csvg%20xmlns%3D&#039;http%3A%2F%2Fwww.w3.org%2F2000%2Fsvg&#039;%20viewBox%3D&#039;0%200%202560%201707&#039;%2F%3E\" class=\"attachment-full size-full preload-me aspect lazy lazy-load\" alt=\"\" sizes=\"(max-width: 2560px) 100vw, 2560px\" style=\"--ratio: 2560 \/ 1707;\" data-src=\"https:\/\/imt.ruhr\/wp-content\/uploads\/2023\/03\/DSCF7354-scaled.jpg\" loading=\"eager\" data-srcset=\"https:\/\/imt.ruhr\/wp-content\/uploads\/2023\/03\/DSCF7354-scaled.jpg 2560w, https:\/\/imt.ruhr\/wp-content\/uploads\/2023\/03\/DSCF7354-300x200.jpg 300w, https:\/\/imt.ruhr\/wp-content\/uploads\/2023\/03\/DSCF7354-1024x683.jpg 1024w, https:\/\/imt.ruhr\/wp-content\/uploads\/2023\/03\/DSCF7354-768x512.jpg 768w, https:\/\/imt.ruhr\/wp-content\/uploads\/2023\/03\/DSCF7354-1536x1024.jpg 1536w, https:\/\/imt.ruhr\/wp-content\/uploads\/2023\/03\/DSCF7354-2048x1365.jpg 2048w\" \/><span class=\"the7-hover-icon\"><\/span><\/a>\t\t\t\t<\/div>\n\t\t\t\t\n\t\t\t\t<div class=\"box-content\">\n\t\t\t\t\t<h4 class=\"box-heading\"><a >WEG Verwalter:in<br>(m\/w\/d)<\/a><\/h4><div class=\"box-description\">Als WEG Verwalter bist du f\u00fcr die Verwaltung von Wohnanlagen im Rahmen des Wohnungseigentumsgesetzes verantwortlich.<\/div>\t\t\t\t<\/div>\n\t\t\t<\/div>\n\t\t<\/div>\t\t\t\t<\/div>\n\t\t\t\t<\/div>\n\t\t\t\t\t<\/div>\n\t\t<\/div>\n\t\t\t\t<div class=\"elementor-column elementor-col-25 elementor-top-column elementor-element elementor-element-9ffaaa7\" data-id=\"9ffaaa7\" data-element_type=\"column\">\n\t\t\t<div class=\"elementor-widget-wrap elementor-element-populated\">\n\t\t\t\t\t\t<div class=\"elementor-element elementor-element-8462bcf icon-vertical-align-center content-align-left icon-box-vertical-align-top preserve-img-ratio-cover elementor-widget elementor-widget-the7_image_box_widget\" data-id=\"8462bcf\" data-element_type=\"widget\" data-widget_type=\"the7_image_box_widget.default\">\n\t\t\t\t<div class=\"elementor-widget-container\">\n\t\t\t\t\t\n\t\t<div class=\"the7-box-wrapper the7-elementor-widget the7_image_box_widget-8462bcf\">\t\t\t<div class=\"box-content-wrapper\">\n\t\t\t\t\t\t\t\t<div class=\"elementor-image-div \">\n\t\t\t\t\t<a class=\"post-thumbnail-rollover layzr-bg img-css-resize-wrapper\" ><img decoding=\"async\" width=\"2560\" height=\"1707\" src=\"data:image\/svg+xml,%3Csvg%20xmlns%3D&#039;http%3A%2F%2Fwww.w3.org%2F2000%2Fsvg&#039;%20viewBox%3D&#039;0%200%202560%201707&#039;%2F%3E\" class=\"attachment-full size-full preload-me aspect lazy lazy-load\" alt=\"\" sizes=\"(max-width: 2560px) 100vw, 2560px\" style=\"--ratio: 2560 \/ 1707;\" data-src=\"https:\/\/imt.ruhr\/wp-content\/uploads\/2023\/03\/DSCF7430-scaled.jpg\" loading=\"eager\" data-srcset=\"https:\/\/imt.ruhr\/wp-content\/uploads\/2023\/03\/DSCF7430-scaled.jpg 2560w, https:\/\/imt.ruhr\/wp-content\/uploads\/2023\/03\/DSCF7430-300x200.jpg 300w, https:\/\/imt.ruhr\/wp-content\/uploads\/2023\/03\/DSCF7430-1024x683.jpg 1024w, https:\/\/imt.ruhr\/wp-content\/uploads\/2023\/03\/DSCF7430-768x512.jpg 768w, https:\/\/imt.ruhr\/wp-content\/uploads\/2023\/03\/DSCF7430-1536x1024.jpg 1536w, https:\/\/imt.ruhr\/wp-content\/uploads\/2023\/03\/DSCF7430-2048x1365.jpg 2048w, https:\/\/imt.ruhr\/wp-content\/uploads\/2023\/03\/DSCF7430-1000x667.jpg 1000w\" \/><span class=\"the7-hover-icon\"><\/span><\/a>\t\t\t\t<\/div>\n\t\t\t\t\n\t\t\t\t<div class=\"box-content\">\n\t\t\t\t\t<h4 class=\"box-heading\"><a >Mitarbeiter:in Immobilienverwaltung<\/a><\/h4><div class=\"box-description\">Als Mitarbeiter in der Immobilienverwaltung bist du f\u00fcr die Verwaltung von Miet- oder Eigentumsimmobilien verantwortlich.<\/div>\t\t\t\t<\/div>\n\t\t\t<\/div>\n\t\t<\/div>\t\t\t\t<\/div>\n\t\t\t\t<\/div>\n\t\t\t\t\t<\/div>\n\t\t<\/div>\n\t\t\t\t<div class=\"elementor-column elementor-col-25 elementor-top-column elementor-element elementor-element-f19f45c\" data-id=\"f19f45c\" data-element_type=\"column\">\n\t\t\t<div class=\"elementor-widget-wrap elementor-element-populated\">\n\t\t\t\t\t\t<div class=\"elementor-element elementor-element-efa2f62 icon-vertical-align-center content-align-left icon-box-vertical-align-top preserve-img-ratio-cover elementor-widget elementor-widget-the7_image_box_widget\" data-id=\"efa2f62\" data-element_type=\"widget\" data-widget_type=\"the7_image_box_widget.default\">\n\t\t\t\t<div class=\"elementor-widget-container\">\n\t\t\t\t\t\n\t\t<div class=\"the7-box-wrapper the7-elementor-widget the7_image_box_widget-efa2f62\">\t\t\t<div class=\"box-content-wrapper\">\n\t\t\t\t\t\t\t\t<div class=\"elementor-image-div \">\n\t\t\t\t\t<a class=\"post-thumbnail-rollover layzr-bg img-css-resize-wrapper\" ><img decoding=\"async\" width=\"2560\" height=\"1707\" src=\"data:image\/svg+xml,%3Csvg%20xmlns%3D&#039;http%3A%2F%2Fwww.w3.org%2F2000%2Fsvg&#039;%20viewBox%3D&#039;0%200%202560%201707&#039;%2F%3E\" class=\"attachment-full size-full preload-me aspect lazy lazy-load\" alt=\"\" sizes=\"(max-width: 2560px) 100vw, 2560px\" style=\"--ratio: 2560 \/ 1707;\" data-src=\"https:\/\/imt.ruhr\/wp-content\/uploads\/2023\/03\/DSCF7253-scaled.jpg\" loading=\"eager\" data-srcset=\"https:\/\/imt.ruhr\/wp-content\/uploads\/2023\/03\/DSCF7253-scaled.jpg 2560w, https:\/\/imt.ruhr\/wp-content\/uploads\/2023\/03\/DSCF7253-300x200.jpg 300w, https:\/\/imt.ruhr\/wp-content\/uploads\/2023\/03\/DSCF7253-1024x683.jpg 1024w, https:\/\/imt.ruhr\/wp-content\/uploads\/2023\/03\/DSCF7253-768x512.jpg 768w, https:\/\/imt.ruhr\/wp-content\/uploads\/2023\/03\/DSCF7253-1536x1024.jpg 1536w, https:\/\/imt.ruhr\/wp-content\/uploads\/2023\/03\/DSCF7253-2048x1365.jpg 2048w, https:\/\/imt.ruhr\/wp-content\/uploads\/2023\/03\/DSCF7253-1000x667.jpg 1000w\" \/><span class=\"the7-hover-icon\"><\/span><\/a>\t\t\t\t<\/div>\n\t\t\t\t\n\t\t\t\t<div class=\"box-content\">\n\t\t\t\t\t<h4 class=\"box-heading\"><a >Immobilienkaufmann\/-frau<br>(m\/w\/d)<\/a><\/h4><div class=\"box-description\">Als Immobilienkaufmann bist du f\u00fcr den Handel mit Immobilien verantwortlich. Du bist Ansprechpartner f\u00fcr Kunden und unterst\u00fctzt sie bei der Suche und dem Kauf oder Verkauf von Immobilien. <\/div>\t\t\t\t<\/div>\n\t\t\t<\/div>\n\t\t<\/div>\t\t\t\t<\/div>\n\t\t\t\t<\/div>\n\t\t\t\t\t<\/div>\n\t\t<\/div>\n\t\t\t\t<div class=\"elementor-column elementor-col-25 elementor-top-column elementor-element elementor-element-233828a\" data-id=\"233828a\" data-element_type=\"column\">\n\t\t\t<div class=\"elementor-widget-wrap elementor-element-populated\">\n\t\t\t\t\t\t<div class=\"elementor-element elementor-element-712b7cc icon-vertical-align-center content-align-left icon-box-vertical-align-top preserve-img-ratio-cover elementor-widget elementor-widget-the7_image_box_widget\" data-id=\"712b7cc\" data-element_type=\"widget\" data-widget_type=\"the7_image_box_widget.default\">\n\t\t\t\t<div class=\"elementor-widget-container\">\n\t\t\t\t\t\n\t\t<div class=\"the7-box-wrapper the7-elementor-widget the7_image_box_widget-712b7cc\">\t\t\t<div class=\"box-content-wrapper\">\n\t\t\t\t\t\t\t\t<div class=\"elementor-image-div \">\n\t\t\t\t\t<a class=\"post-thumbnail-rollover layzr-bg img-css-resize-wrapper\" ><img decoding=\"async\" width=\"2560\" height=\"1707\" src=\"data:image\/svg+xml,%3Csvg%20xmlns%3D&#039;http%3A%2F%2Fwww.w3.org%2F2000%2Fsvg&#039;%20viewBox%3D&#039;0%200%202560%201707&#039;%2F%3E\" class=\"attachment-full size-full preload-me aspect lazy lazy-load\" alt=\"\" sizes=\"(max-width: 2560px) 100vw, 2560px\" style=\"--ratio: 2560 \/ 1707;\" data-src=\"https:\/\/imt.ruhr\/wp-content\/uploads\/2022\/05\/DSCF7397-scaled.jpg\" loading=\"eager\" data-srcset=\"https:\/\/imt.ruhr\/wp-content\/uploads\/2022\/05\/DSCF7397-scaled.jpg 2560w, https:\/\/imt.ruhr\/wp-content\/uploads\/2022\/05\/DSCF7397-300x200.jpg 300w, https:\/\/imt.ruhr\/wp-content\/uploads\/2022\/05\/DSCF7397-1024x683.jpg 1024w, https:\/\/imt.ruhr\/wp-content\/uploads\/2022\/05\/DSCF7397-768x512.jpg 768w, https:\/\/imt.ruhr\/wp-content\/uploads\/2022\/05\/DSCF7397-1536x1024.jpg 1536w, https:\/\/imt.ruhr\/wp-content\/uploads\/2022\/05\/DSCF7397-2048x1365.jpg 2048w, https:\/\/imt.ruhr\/wp-content\/uploads\/2022\/05\/DSCF7397-1000x667.jpg 1000w\" \/><span class=\"the7-hover-icon\"><\/span><\/a>\t\t\t\t<\/div>\n\t\t\t\t\n\t\t\t\t<div class=\"box-content\">\n\t\t\t\t\t<h4 class=\"box-heading\"><a >Techniker:in<br>(m\/w\/d)<\/a><\/h4><div class=\"box-description\">Als Techniker bist du f\u00fcr die technischen Angelegenheiten der Immobilien zust\u00e4ndig. Du \u00fcberwachst den Zustand der Geb\u00e4ude und sorgst f\u00fcr die Wartung und Reparatur von technischen Anlagen.<\/div>\t\t\t\t<\/div>\n\t\t\t<\/div>\n\t\t<\/div>\t\t\t\t<\/div>\n\t\t\t\t<\/div>\n\t\t\t\t\t<\/div>\n\t\t<\/div>\n\t\t\t\t\t<\/div>\n\t\t<\/section>\n\t\t\t\t<section class=\"elementor-section elementor-top-section elementor-element elementor-element-501c682 elementor-section-boxed elementor-section-height-default elementor-section-height-default\" data-id=\"501c682\" data-element_type=\"section\" data-settings=\"{&quot;background_background&quot;:&quot;classic&quot;}\">\n\t\t\t\t\t\t<div class=\"elementor-container elementor-column-gap-default\">\n\t\t\t\t\t<div class=\"elementor-column elementor-col-100 elementor-top-column elementor-element elementor-element-0211ffd\" data-id=\"0211ffd\" data-element_type=\"column\">\n\t\t\t<div class=\"elementor-widget-wrap elementor-element-populated\">\n\t\t\t\t\t\t<div class=\"elementor-element elementor-element-27548c1 elementor-widget elementor-widget-heading\" data-id=\"27548c1\" data-element_type=\"widget\" data-widget_type=\"heading.default\">\n\t\t\t\t<div class=\"elementor-widget-container\">\n\t\t\t\t\t<h2 class=\"elementor-heading-title elementor-size-default\">Wir freuen uns auf Ihre Nachricht:<\/h2>\t\t\t\t<\/div>\n\t\t\t\t<\/div>\n\t\t\t\t<div class=\"elementor-element elementor-element-d17ed79 elementor-button-align-start elementor-widget elementor-widget-form\" data-id=\"d17ed79\" data-element_type=\"widget\" data-settings=\"{&quot;step_next_label&quot;:&quot;N\\u00e4chster&quot;,&quot;step_previous_label&quot;:&quot;Voriger&quot;,&quot;button_width&quot;:&quot;100&quot;,&quot;step_type&quot;:&quot;number_text&quot;,&quot;step_icon_shape&quot;:&quot;circle&quot;}\" data-widget_type=\"form.default\">\n\t\t\t\t<div class=\"elementor-widget-container\">\n\t\t\t\t\t\t\t<form class=\"elementor-form\" method=\"post\" name=\"Neues Formular\">\n\t\t\t<input type=\"hidden\" name=\"post_id\" value=\"13309\"\/>\n\t\t\t<input type=\"hidden\" name=\"form_id\" value=\"d17ed79\"\/>\n\t\t\t<input type=\"hidden\" name=\"referer_title\" value=\"Karriere\" \/>\n\n\t\t\t\t\t\t\t<input type=\"hidden\" name=\"queried_id\" value=\"13309\"\/>\n\t\t\t\n\t\t\t<div class=\"elementor-form-fields-wrapper elementor-labels-above\">\n\t\t\t\t\t\t\t\t<div class=\"elementor-field-type-text elementor-field-group elementor-column elementor-field-group-name elementor-col-100 elementor-field-required elementor-mark-required\">\n\t\t\t\t\t\t\t\t\t\t\t\t<label for=\"form-field-name\" class=\"elementor-field-label\">\n\t\t\t\t\t\t\t\tName\t\t\t\t\t\t\t<\/label>\n\t\t\t\t\t\t\t\t\t\t\t\t\t\t<input size=\"1\" type=\"text\" name=\"form_fields[name]\" id=\"form-field-name\" class=\"elementor-field elementor-size-sm  elementor-field-textual\" required=\"required\" aria-required=\"true\">\n\t\t\t\t\t\t\t\t\t\t\t<\/div>\n\t\t\t\t\t\t\t\t<div class=\"elementor-field-type-email elementor-field-group elementor-column elementor-field-group-email elementor-col-100 elementor-field-required elementor-mark-required\">\n\t\t\t\t\t\t\t\t\t\t\t\t<label for=\"form-field-email\" class=\"elementor-field-label\">\n\t\t\t\t\t\t\t\tE-Mail\t\t\t\t\t\t\t<\/label>\n\t\t\t\t\t\t\t\t\t\t\t\t\t\t<input size=\"1\" type=\"email\" name=\"form_fields[email]\" id=\"form-field-email\" class=\"elementor-field elementor-size-sm  elementor-field-textual\" required=\"required\" aria-required=\"true\">\n\t\t\t\t\t\t\t\t\t\t\t<\/div>\n\t\t\t\t\t\t\t\t<div class=\"elementor-field-type-textarea elementor-field-group elementor-column elementor-field-group-message elementor-col-100\">\n\t\t\t\t\t\t\t\t\t\t\t\t<label for=\"form-field-message\" class=\"elementor-field-label\">\n\t\t\t\t\t\t\t\tNachricht\t\t\t\t\t\t\t<\/label>\n\t\t\t\t\t\t<textarea class=\"elementor-field-textual elementor-field  elementor-size-sm\" name=\"form_fields[message]\" id=\"form-field-message\" rows=\"4\"><\/textarea>\t\t\t\t<\/div>\n\t\t\t\t\t\t\t\t<div class=\"elementor-field-type-acceptance elementor-field-group elementor-column elementor-field-group-field_adae8d5 elementor-col-100 elementor-field-required elementor-mark-required\">\n\t\t\t\t\t\t\t<div class=\"elementor-field-subgroup\">\n\t\t\t<span class=\"elementor-field-option\">\n\t\t\t\t<input type=\"checkbox\" name=\"form_fields[field_adae8d5]\" id=\"form-field-field_adae8d5\" class=\"elementor-field elementor-size-sm  elementor-acceptance-field\" required=\"required\" aria-required=\"true\">\n\t\t\t\t<label for=\"form-field-field_adae8d5\">Mit der Nutzung dieses Formulars erkl\u00e4ren Sie sich mit der Speicherung und Verarbeitung Ihrer Daten durch diese Website einverstanden.<\/label>\t\t\t<\/span>\n\t\t<\/div>\n\t\t\t\t\t\t<\/div>\n\t\t\t\t\t\t\t\t<div class=\"elementor-field-group elementor-column elementor-field-type-submit elementor-col-100 e-form__buttons\">\n\t\t\t\t\t<button class=\"elementor-button elementor-size-sm\" type=\"submit\">\n\t\t\t\t\t\t<span class=\"elementor-button-content-wrapper\">\n\t\t\t\t\t\t\t\t\t\t\t\t\t\t\t\t\t\t\t\t\t\t<span class=\"elementor-button-text\">Senden<\/span>\n\t\t\t\t\t\t\t\t\t\t\t\t\t<\/span>\n\t\t\t\t\t<\/button>\n\t\t\t\t<\/div>\n\t\t\t<\/div>\n\t\t<\/form>\n\t\t\t\t\t\t<\/div>\n\t\t\t\t<\/div>\n\t\t\t\t\t<\/div>\n\t\t<\/div>\n\t\t\t\t\t<\/div>\n\t\t<\/section>\n\t\t\t\t<\/div>\n\t\t","protected":false},"excerpt":{"rendered":"<p>Mit Leidenschaft f\u00fcr Immobilien &#8211; Werde Teil unseres dynamischen Teams! IMT Ruhrgebiet ist eine etablierte Immobilien Verwaltung im Herzen des Ruhrgebiets. Mit unserer langj\u00e4hrigen Erfahrung und unserem kompetenten Team sind wir ein verl\u00e4sslicher Partner f\u00fcr unsere Kunden. Zur Verst\u00e4rkung unseres Teams suchen wir derzeit motivierte und engagierte Mitarbeiter, die mit uns gemeinsam erfolgreich arbeiten m\u00f6chten.&hellip;<\/p>\n","protected":false},"author":1,"featured_media":0,"parent":0,"menu_order":1,"comment_status":"closed","ping_status":"closed","template":"elementor_header_footer","meta":{"footnotes":""},"class_list":["post-13309","page","type-page","status-publish","hentry"],"_links":{"self":[{"href":"https:\/\/imt.ruhr\/index.php?rest_route=\/wp\/v2\/pages\/13309","targetHints":{"allow":["GET"]}}],"collection":[{"href":"https:\/\/imt.ruhr\/index.php?rest_route=\/wp\/v2\/pages"}],"about":[{"href":"https:\/\/imt.ruhr\/index.php?rest_route=\/wp\/v2\/types\/page"}],"author":[{"embeddable":true,"href":"https:\/\/imt.ruhr\/index.php?rest_route=\/wp\/v2\/users\/1"}],"replies":[{"embeddable":true,"href":"https:\/\/imt.ruhr\/index.php?rest_route=%2Fwp%2Fv2%2Fcomments&post=13309"}],"version-history":[{"count":52,"href":"https:\/\/imt.ruhr\/index.php?rest_route=\/wp\/v2\/pages\/13309\/revisions"}],"predecessor-version":[{"id":13781,"href":"https:\/\/imt.ruhr\/index.php?rest_route=\/wp\/v2\/pages\/13309\/revisions\/13781"}],"wp:attachment":[{"href":"https:\/\/imt.ruhr\/index.php?rest_route=%2Fwp%2Fv2%2Fmedia&parent=13309"}],"curies":[{"name":"wp","href":"https:\/\/api.w.org\/{rel}","templated":true}]}}