{"id":10083,"date":"2022-11-19T17:12:39","date_gmt":"2022-11-19T17:12:39","guid":{"rendered":"https:\/\/the7.io\/elementor-corporate\/?page_id=10083"},"modified":"2026-03-23T16:20:44","modified_gmt":"2026-03-23T16:20:44","slug":"leistungen","status":"publish","type":"page","link":"https:\/\/imt.ruhr\/?page_id=10083","title":{"rendered":"Leistungen"},"content":{"rendered":"\t\t<div data-elementor-type=\"wp-page\" data-elementor-id=\"10083\" class=\"elementor elementor-10083\" data-elementor-post-type=\"page\">\n\t\t\t\t\t\t<section class=\"elementor-section elementor-top-section elementor-element elementor-element-34ac568 elementor-section-boxed elementor-section-height-default elementor-section-height-default\" data-id=\"34ac568\" data-element_type=\"section\">\n\t\t\t\t\t\t<div class=\"elementor-container elementor-column-gap-default\">\n\t\t\t\t\t<div class=\"elementor-column elementor-col-100 elementor-top-column elementor-element elementor-element-27419f5\" data-id=\"27419f5\" data-element_type=\"column\">\n\t\t\t<div class=\"elementor-widget-wrap elementor-element-populated\">\n\t\t\t\t\t\t<div class=\"elementor-element elementor-element-12968f4 elementor-widget elementor-widget-heading\" data-id=\"12968f4\" data-element_type=\"widget\" data-widget_type=\"heading.default\">\n\t\t\t\t<div class=\"elementor-widget-container\">\n\t\t\t\t\t<h3 class=\"elementor-heading-title elementor-size-default\">Unsere Leistungen<\/h3>\t\t\t\t<\/div>\n\t\t\t\t<\/div>\n\t\t\t\t\t<\/div>\n\t\t<\/div>\n\t\t\t\t\t<\/div>\n\t\t<\/section>\n\t\t\t\t<section class=\"elementor-section elementor-top-section elementor-element elementor-element-8a8ec07 elementor-section-boxed elementor-section-height-default elementor-section-height-default\" data-id=\"8a8ec07\" data-element_type=\"section\" data-settings=\"{&quot;background_background&quot;:&quot;classic&quot;}\">\n\t\t\t\t\t\t<div class=\"elementor-container elementor-column-gap-wider\">\n\t\t\t\t\t<div class=\"elementor-column elementor-col-50 elementor-top-column elementor-element elementor-element-895b074\" data-id=\"895b074\" data-element_type=\"column\">\n\t\t\t<div class=\"elementor-widget-wrap elementor-element-populated\">\n\t\t\t\t\t\t<div class=\"elementor-element elementor-element-e883f7d elementor-widget elementor-widget-image\" data-id=\"e883f7d\" data-element_type=\"widget\" data-widget_type=\"image.default\">\n\t\t\t\t<div class=\"elementor-widget-container\">\n\t\t\t\t\t\t\t\t\t\t\t\t\t\t\t<img decoding=\"async\" src=\"https:\/\/imt.ruhr\/wp-content\/uploads\/elementor\/thumbs\/DSCF7277-scaled-q2z80igprhaj57abvwte3hmgp0nvm2axjolrto4tuw.jpg\" title=\"DSCF7277\" alt=\"DSCF7277\" loading=\"lazy\" \/>\t\t\t\t\t\t\t\t\t\t\t\t\t\t\t<\/div>\n\t\t\t\t<\/div>\n\t\t\t\t<div class=\"elementor-element elementor-element-a22b558 elementor-widget elementor-widget-image\" data-id=\"a22b558\" data-element_type=\"widget\" data-widget_type=\"image.default\">\n\t\t\t\t<div class=\"elementor-widget-container\">\n\t\t\t\t\t\t\t\t\t\t\t\t\t\t\t<img decoding=\"async\" src=\"https:\/\/imt.ruhr\/wp-content\/uploads\/elementor\/thumbs\/DSCF7375-scaled-q2yxzzhc2o4kvjg8ct6c2pctcmaj8ooeymcrp64kio.jpg\" title=\"DSCF7375\" alt=\"DSCF7375\" loading=\"lazy\" \/>\t\t\t\t\t\t\t\t\t\t\t\t\t\t\t<\/div>\n\t\t\t\t<\/div>\n\t\t\t\t\t<\/div>\n\t\t<\/div>\n\t\t\t\t<div class=\"elementor-column elementor-col-50 elementor-top-column elementor-element elementor-element-4169c21\" data-id=\"4169c21\" data-element_type=\"column\">\n\t\t\t<div class=\"elementor-widget-wrap elementor-element-populated\">\n\t\t\t\t\t\t<div class=\"elementor-element elementor-element-f081afd elementor-widget elementor-widget-heading\" data-id=\"f081afd\" data-element_type=\"widget\" data-widget_type=\"heading.default\">\n\t\t\t\t<div class=\"elementor-widget-container\">\n\t\t\t\t\t<h4 class=\"elementor-heading-title elementor-size-default\">IMT Ruhrgebiet<\/h4>\t\t\t\t<\/div>\n\t\t\t\t<\/div>\n\t\t\t\t<div class=\"elementor-element elementor-element-813486c elementor-widget elementor-widget-heading\" data-id=\"813486c\" data-element_type=\"widget\" data-widget_type=\"heading.default\">\n\t\t\t\t<div class=\"elementor-widget-container\">\n\t\t\t\t\t<h4 class=\"elementor-heading-title elementor-size-default\">Ihr starker Partner im Bereich Immobilien Management<\/h4>\t\t\t\t<\/div>\n\t\t\t\t<\/div>\n\t\t\t\t<div class=\"elementor-element elementor-element-9b3ba6b elementor-widget elementor-widget-spacer\" data-id=\"9b3ba6b\" data-element_type=\"widget\" data-widget_type=\"spacer.default\">\n\t\t\t\t<div class=\"elementor-widget-container\">\n\t\t\t\t\t\t\t<div class=\"elementor-spacer\">\n\t\t\t<div class=\"elementor-spacer-inner\"><\/div>\n\t\t<\/div>\n\t\t\t\t\t\t<\/div>\n\t\t\t\t<\/div>\n\t\t\t\t<div class=\"elementor-element elementor-element-a60c915 elementor-widget elementor-widget-text-editor\" data-id=\"a60c915\" data-element_type=\"widget\" data-widget_type=\"text-editor.default\">\n\t\t\t\t<div class=\"elementor-widget-container\">\n\t\t\t\t\t\t\t\t\t<p>Als Immobilienverwaltung mit modernem Ansatz und tiefem Verst\u00e4ndnis f\u00fcr die Region, bieten wir Ihnen einen vollst\u00e4ndigen Service rund um Ihre Immobilien. Von der Vermietung und<br \/>Verwaltung bis hin zur Wertsteigerung Ihrer Immobilien, unser erfahrenes Team steht Ihnen jederzeit zur Verf\u00fcgung.<br \/><br \/>Lassen Sie uns gemeinsam Ihre Immobilien-Tr\u00e4ume verwirklichen und die Zukunft des Ruhrgebiets gestalten.<\/p>\t\t\t\t\t\t\t\t<\/div>\n\t\t\t\t<\/div>\n\t\t\t\t\t<\/div>\n\t\t<\/div>\n\t\t\t\t\t<\/div>\n\t\t<\/section>\n\t\t\t\t<section class=\"elementor-section elementor-top-section elementor-element elementor-element-c5a57c1 elementor-section-boxed elementor-section-height-default elementor-section-height-default\" data-id=\"c5a57c1\" data-element_type=\"section\">\n\t\t\t\t\t\t<div class=\"elementor-container elementor-column-gap-wider\">\n\t\t\t\t\t<div class=\"elementor-column elementor-col-100 elementor-top-column elementor-element elementor-element-02e9af9\" data-id=\"02e9af9\" data-element_type=\"column\">\n\t\t\t<div class=\"elementor-widget-wrap elementor-element-populated\">\n\t\t\t\t\t\t<div class=\"elementor-element elementor-element-df6df70 img-align-mobile-top image-vertical-align-center image-vertical-align-tablet-start img-align-top icon-box-vertical-align-top preserve-img-ratio-cover slide-h-position-left elementor-widget elementor-widget-the7-elements-simple-posts\" data-id=\"df6df70\" data-element_type=\"widget\" data-widget_type=\"the7-elements-simple-posts.default\">\n\t\t\t\t<div class=\"elementor-widget-container\">\n\t\t\t\t\t<div class=\"the7-simple-widget-posts the7-elementor-widget the7-elements-simple-posts-df6df70\" data-post-limit=\"-1\" data-pagination-mode=\"standard\" data-scroll-offset=\"\">\t\t\t<div class=\"dt-css-grid custom-pagination-handler\" data-columns=\"{&quot;d&quot;:4,&quot;t&quot;:2,&quot;p&quot;:1,&quot;wd&quot;:&quot;&quot;}\">\n\t\t\t\t\t\t\t\t\t<div class=\"wf-cell visible \">\n\t\t\t\t\t\t<article class=\"post visible wrapper post-9761 services type-services status-publish has-post-thumbnail hentry\">\n\n\t\t\t\t\t\t\t<div class=\"post-content-wrapper\">\n\t\t\t\t\t\t\t\t\t\t\t\t\t\t\t\t\t<div class=\"the7-simple-post-thumb\">\n\t\t\t\t\t\t\t\t\t\t<a class=\"post-thumbnail-rollover layzr-bg img-css-resize-wrapper\" aria-label=\"Post image\" href=\"https:\/\/imt.ruhr\/?services=service01\"><img fetchpriority=\"high\" decoding=\"async\" width=\"2560\" height=\"1707\" src=\"data:image\/svg+xml,%3Csvg%20xmlns%3D&#039;http%3A%2F%2Fwww.w3.org%2F2000%2Fsvg&#039;%20viewBox%3D&#039;0%200%202560%201707&#039;%2F%3E\" class=\"attachment-full size-full preload-me aspect lazy lazy-load\" alt=\"\" sizes=\"(max-width: 2560px) 100vw, 2560px\" style=\"--ratio: 2560 \/ 1707;\" data-src=\"https:\/\/imt.ruhr\/wp-content\/uploads\/2022\/05\/DSCF7309-scaled.jpg\" loading=\"eager\" data-srcset=\"https:\/\/imt.ruhr\/wp-content\/uploads\/2022\/05\/DSCF7309-scaled.jpg 2560w, https:\/\/imt.ruhr\/wp-content\/uploads\/2022\/05\/DSCF7309-300x200.jpg 300w, https:\/\/imt.ruhr\/wp-content\/uploads\/2022\/05\/DSCF7309-1024x683.jpg 1024w, https:\/\/imt.ruhr\/wp-content\/uploads\/2022\/05\/DSCF7309-768x512.jpg 768w, https:\/\/imt.ruhr\/wp-content\/uploads\/2022\/05\/DSCF7309-1536x1024.jpg 1536w, https:\/\/imt.ruhr\/wp-content\/uploads\/2022\/05\/DSCF7309-2048x1365.jpg 2048w, https:\/\/imt.ruhr\/wp-content\/uploads\/2022\/05\/DSCF7309-1000x667.jpg 1000w\" \/><span class=\"the7-hover-icon\"><svg xmlns=\"http:\/\/www.w3.org\/2000\/svg\" viewBox=\"0 0 24 24\" width=\"24\" height=\"24\"><path fill=\"none\" d=\"M0 0h24v24H0z\"><\/path><path d=\"M4.5 10.5c-.825 0-1.5.675-1.5 1.5s.675 1.5 1.5 1.5S6 12.825 6 12s-.675-1.5-1.5-1.5zm15 0c-.825 0-1.5.675-1.5 1.5s.675 1.5 1.5 1.5S21 12.825 21 12s-.675-1.5-1.5-1.5zm-7.5 0c-.825 0-1.5.675-1.5 1.5s.675 1.5 1.5 1.5 1.5-.675 1.5-1.5-.675-1.5-1.5-1.5z\"><\/path><\/svg><\/span><\/a>\t\t\t\t\t\t\t\t\t<\/div>\n\t\t\t\t\t\t\t\t\t\t\t\t\t\t\t\t<div class=\"post-entry-content\">\n\t\t\t\t\t\t\t\t\t<h5 class=\"heading\"><a href=\"https:\/\/imt.ruhr\/?services=service01\" rel=\"bookmark\" title=\"WEG Verwaltung\" class=\"post-title\">WEG Verwaltung<\/a><\/h5><p class=\"short-description\">Viele Parteien \u2013 eine Gemeinschaft<\/p><a href=\"https:\/\/imt.ruhr\/?services=service01\" target=\"\" aria-label=\"Read more about WEG Verwaltung\" class=\"box-button elementor-button elementor-size-md\">Mehr erfahren<\/a>\t\t\t\t\t\t\t\t<\/div>\n\t\t\t\t\t\t\t<\/div>\n\t\t\t\t\t\t<\/article>\n\t\t\t\t\t<\/div>\t\t\t\t\t\t\t\t\t\t<div class=\"wf-cell visible \">\n\t\t\t\t\t\t<article class=\"post visible wrapper post-9760 services type-services status-publish has-post-thumbnail hentry\">\n\n\t\t\t\t\t\t\t<div class=\"post-content-wrapper\">\n\t\t\t\t\t\t\t\t\t\t\t\t\t\t\t\t\t<div class=\"the7-simple-post-thumb\">\n\t\t\t\t\t\t\t\t\t\t<a class=\"post-thumbnail-rollover layzr-bg img-css-resize-wrapper\" aria-label=\"Post image\" href=\"https:\/\/imt.ruhr\/?services=service02\"><img decoding=\"async\" width=\"2560\" height=\"1707\" src=\"data:image\/svg+xml,%3Csvg%20xmlns%3D&#039;http%3A%2F%2Fwww.w3.org%2F2000%2Fsvg&#039;%20viewBox%3D&#039;0%200%202560%201707&#039;%2F%3E\" class=\"attachment-full size-full preload-me aspect lazy lazy-load\" alt=\"\" sizes=\"(max-width: 2560px) 100vw, 2560px\" style=\"--ratio: 2560 \/ 1707;\" data-src=\"https:\/\/imt.ruhr\/wp-content\/uploads\/2023\/03\/DSCF7430-scaled.jpg\" loading=\"eager\" data-srcset=\"https:\/\/imt.ruhr\/wp-content\/uploads\/2023\/03\/DSCF7430-scaled.jpg 2560w, https:\/\/imt.ruhr\/wp-content\/uploads\/2023\/03\/DSCF7430-300x200.jpg 300w, https:\/\/imt.ruhr\/wp-content\/uploads\/2023\/03\/DSCF7430-1024x683.jpg 1024w, https:\/\/imt.ruhr\/wp-content\/uploads\/2023\/03\/DSCF7430-768x512.jpg 768w, https:\/\/imt.ruhr\/wp-content\/uploads\/2023\/03\/DSCF7430-1536x1024.jpg 1536w, https:\/\/imt.ruhr\/wp-content\/uploads\/2023\/03\/DSCF7430-2048x1365.jpg 2048w, https:\/\/imt.ruhr\/wp-content\/uploads\/2023\/03\/DSCF7430-1000x667.jpg 1000w\" \/><span class=\"the7-hover-icon\"><svg xmlns=\"http:\/\/www.w3.org\/2000\/svg\" viewBox=\"0 0 24 24\" width=\"24\" height=\"24\"><path fill=\"none\" d=\"M0 0h24v24H0z\"><\/path><path d=\"M4.5 10.5c-.825 0-1.5.675-1.5 1.5s.675 1.5 1.5 1.5S6 12.825 6 12s-.675-1.5-1.5-1.5zm15 0c-.825 0-1.5.675-1.5 1.5s.675 1.5 1.5 1.5S21 12.825 21 12s-.675-1.5-1.5-1.5zm-7.5 0c-.825 0-1.5.675-1.5 1.5s.675 1.5 1.5 1.5 1.5-.675 1.5-1.5-.675-1.5-1.5-1.5z\"><\/path><\/svg><\/span><\/a>\t\t\t\t\t\t\t\t\t<\/div>\n\t\t\t\t\t\t\t\t\t\t\t\t\t\t\t\t<div class=\"post-entry-content\">\n\t\t\t\t\t\t\t\t\t<h5 class=\"heading\"><a href=\"https:\/\/imt.ruhr\/?services=service02\" rel=\"bookmark\" title=\"Miet Verwaltung\" class=\"post-title\">Miet Verwaltung<\/a><\/h5><p class=\"short-description\">Vom kleinen Mehrfamilienhaus bis hin zur Wohnanlage oder Gewerbepark. Mit unserem Mietverwaltungsservice sind Sie auf der sicheren Seite.<\/p><a href=\"https:\/\/imt.ruhr\/?services=service02\" target=\"\" aria-label=\"Read more about Miet Verwaltung\" class=\"box-button elementor-button elementor-size-md\">Mehr erfahren<\/a>\t\t\t\t\t\t\t\t<\/div>\n\t\t\t\t\t\t\t<\/div>\n\t\t\t\t\t\t<\/article>\n\t\t\t\t\t<\/div>\t\t\t\t\t\t\t\t\t\t<div class=\"wf-cell visible \">\n\t\t\t\t\t\t<article class=\"post visible wrapper post-9759 services type-services status-publish has-post-thumbnail hentry\">\n\n\t\t\t\t\t\t\t<div class=\"post-content-wrapper\">\n\t\t\t\t\t\t\t\t\t\t\t\t\t\t\t\t\t<div class=\"the7-simple-post-thumb\">\n\t\t\t\t\t\t\t\t\t\t<a class=\"post-thumbnail-rollover layzr-bg img-css-resize-wrapper\" aria-label=\"Post image\" href=\"https:\/\/imt.ruhr\/?services=service03\"><img decoding=\"async\" width=\"2560\" height=\"1707\" src=\"data:image\/svg+xml,%3Csvg%20xmlns%3D&#039;http%3A%2F%2Fwww.w3.org%2F2000%2Fsvg&#039;%20viewBox%3D&#039;0%200%202560%201707&#039;%2F%3E\" class=\"attachment-full size-full preload-me aspect lazy lazy-load\" alt=\"\" sizes=\"(max-width: 2560px) 100vw, 2560px\" style=\"--ratio: 2560 \/ 1707;\" data-src=\"https:\/\/imt.ruhr\/wp-content\/uploads\/2023\/03\/DSCF7405-scaled.jpg\" loading=\"eager\" data-srcset=\"https:\/\/imt.ruhr\/wp-content\/uploads\/2023\/03\/DSCF7405-scaled.jpg 2560w, https:\/\/imt.ruhr\/wp-content\/uploads\/2023\/03\/DSCF7405-300x200.jpg 300w, https:\/\/imt.ruhr\/wp-content\/uploads\/2023\/03\/DSCF7405-1024x683.jpg 1024w, https:\/\/imt.ruhr\/wp-content\/uploads\/2023\/03\/DSCF7405-768x512.jpg 768w, https:\/\/imt.ruhr\/wp-content\/uploads\/2023\/03\/DSCF7405-1536x1024.jpg 1536w, https:\/\/imt.ruhr\/wp-content\/uploads\/2023\/03\/DSCF7405-2048x1365.jpg 2048w, https:\/\/imt.ruhr\/wp-content\/uploads\/2023\/03\/DSCF7405-1000x667.jpg 1000w\" \/><span class=\"the7-hover-icon\"><svg xmlns=\"http:\/\/www.w3.org\/2000\/svg\" viewBox=\"0 0 24 24\" width=\"24\" height=\"24\"><path fill=\"none\" d=\"M0 0h24v24H0z\"><\/path><path d=\"M4.5 10.5c-.825 0-1.5.675-1.5 1.5s.675 1.5 1.5 1.5S6 12.825 6 12s-.675-1.5-1.5-1.5zm15 0c-.825 0-1.5.675-1.5 1.5s.675 1.5 1.5 1.5S21 12.825 21 12s-.675-1.5-1.5-1.5zm-7.5 0c-.825 0-1.5.675-1.5 1.5s.675 1.5 1.5 1.5 1.5-.675 1.5-1.5-.675-1.5-1.5-1.5z\"><\/path><\/svg><\/span><\/a>\t\t\t\t\t\t\t\t\t<\/div>\n\t\t\t\t\t\t\t\t\t\t\t\t\t\t\t\t<div class=\"post-entry-content\">\n\t\t\t\t\t\t\t\t\t<h5 class=\"heading\"><a href=\"https:\/\/imt.ruhr\/?services=service03\" rel=\"bookmark\" title=\"Technische Verwaltung\" class=\"post-title\">Technische Verwaltung<\/a><\/h5><p class=\"short-description\">Durch eine klare Struktur der technischen Verwaltung beginnt die Prozessoptimierung der Instandhaltung ihrer Immobilie.<\/p><a href=\"https:\/\/imt.ruhr\/?services=service03\" target=\"\" aria-label=\"Read more about Technische Verwaltung\" class=\"box-button elementor-button elementor-size-md\">Mehr erfahren<\/a>\t\t\t\t\t\t\t\t<\/div>\n\t\t\t\t\t\t\t<\/div>\n\t\t\t\t\t\t<\/article>\n\t\t\t\t\t<\/div>\t\t\t\t\t\t\t\t\t\t<div class=\"wf-cell visible \">\n\t\t\t\t\t\t<article class=\"post visible wrapper post-9758 services type-services status-publish has-post-thumbnail hentry\">\n\n\t\t\t\t\t\t\t<div class=\"post-content-wrapper\">\n\t\t\t\t\t\t\t\t\t\t\t\t\t\t\t\t\t<div class=\"the7-simple-post-thumb\">\n\t\t\t\t\t\t\t\t\t\t<a class=\"post-thumbnail-rollover layzr-bg img-css-resize-wrapper\" aria-label=\"Post image\" href=\"https:\/\/imt.ruhr\/?services=service04\"><img decoding=\"async\" width=\"2560\" height=\"1707\" src=\"data:image\/svg+xml,%3Csvg%20xmlns%3D&#039;http%3A%2F%2Fwww.w3.org%2F2000%2Fsvg&#039;%20viewBox%3D&#039;0%200%202560%201707&#039;%2F%3E\" class=\"attachment-full size-full preload-me aspect lazy lazy-load\" alt=\"\" sizes=\"(max-width: 2560px) 100vw, 2560px\" style=\"--ratio: 2560 \/ 1707;\" data-src=\"https:\/\/imt.ruhr\/wp-content\/uploads\/2023\/03\/DSCF7433-scaled.jpg\" loading=\"eager\" data-srcset=\"https:\/\/imt.ruhr\/wp-content\/uploads\/2023\/03\/DSCF7433-scaled.jpg 2560w, https:\/\/imt.ruhr\/wp-content\/uploads\/2023\/03\/DSCF7433-300x200.jpg 300w, https:\/\/imt.ruhr\/wp-content\/uploads\/2023\/03\/DSCF7433-1024x683.jpg 1024w, https:\/\/imt.ruhr\/wp-content\/uploads\/2023\/03\/DSCF7433-768x512.jpg 768w, https:\/\/imt.ruhr\/wp-content\/uploads\/2023\/03\/DSCF7433-1536x1024.jpg 1536w, https:\/\/imt.ruhr\/wp-content\/uploads\/2023\/03\/DSCF7433-2048x1365.jpg 2048w, https:\/\/imt.ruhr\/wp-content\/uploads\/2023\/03\/DSCF7433-1000x667.jpg 1000w\" \/><span class=\"the7-hover-icon\"><svg xmlns=\"http:\/\/www.w3.org\/2000\/svg\" viewBox=\"0 0 24 24\" width=\"24\" height=\"24\"><path fill=\"none\" d=\"M0 0h24v24H0z\"><\/path><path d=\"M4.5 10.5c-.825 0-1.5.675-1.5 1.5s.675 1.5 1.5 1.5S6 12.825 6 12s-.675-1.5-1.5-1.5zm15 0c-.825 0-1.5.675-1.5 1.5s.675 1.5 1.5 1.5S21 12.825 21 12s-.675-1.5-1.5-1.5zm-7.5 0c-.825 0-1.5.675-1.5 1.5s.675 1.5 1.5 1.5 1.5-.675 1.5-1.5-.675-1.5-1.5-1.5z\"><\/path><\/svg><\/span><\/a>\t\t\t\t\t\t\t\t\t<\/div>\n\t\t\t\t\t\t\t\t\t\t\t\t\t\t\t\t<div class=\"post-entry-content\">\n\t\t\t\t\t\t\t\t\t<h5 class=\"heading\"><a href=\"https:\/\/imt.ruhr\/?services=service04\" rel=\"bookmark\" title=\"Immobilien Vermittlung\" class=\"post-title\">Immobilien Vermittlung<\/a><\/h5><p class=\"short-description\">Unser Service, rund um Ihre Immobilie<\/p><a href=\"https:\/\/imt.ruhr\/?services=service04\" target=\"\" aria-label=\"Read more about Immobilien Vermittlung\" class=\"box-button elementor-button elementor-size-md\">Mehr erfahren<\/a>\t\t\t\t\t\t\t\t<\/div>\n\t\t\t\t\t\t\t<\/div>\n\t\t\t\t\t\t<\/article>\n\t\t\t\t\t<\/div>\t\t\t\t\t\t\t\t<\/div>\n\t\t<\/div>\t\t\t\t<\/div>\n\t\t\t\t<\/div>\n\t\t\t\t\t<\/div>\n\t\t<\/div>\n\t\t\t\t\t<\/div>\n\t\t<\/section>\n\t\t\t\t<\/div>\n\t\t","protected":false},"excerpt":{"rendered":"<p>Unsere Leistungen IMT Ruhrgebiet Ihr starker Partner im Bereich Immobilien Management Als Immobilienverwaltung mit modernem Ansatz und tiefem Verst\u00e4ndnis f\u00fcr die Region, bieten wir Ihnen einen vollst\u00e4ndigen Service rund um Ihre Immobilien. Von der Vermietung undVerwaltung bis hin zur Wertsteigerung Ihrer Immobilien, unser erfahrenes Team steht Ihnen jederzeit zur Verf\u00fcgung. Lassen Sie uns gemeinsam Ihre&hellip;<\/p>\n","protected":false},"author":1,"featured_media":0,"parent":0,"menu_order":30,"comment_status":"closed","ping_status":"closed","template":"","meta":{"footnotes":""},"class_list":["post-10083","page","type-page","status-publish","hentry"],"_links":{"self":[{"href":"https:\/\/imt.ruhr\/index.php?rest_route=\/wp\/v2\/pages\/10083","targetHints":{"allow":["GET"]}}],"collection":[{"href":"https:\/\/imt.ruhr\/index.php?rest_route=\/wp\/v2\/pages"}],"about":[{"href":"https:\/\/imt.ruhr\/index.php?rest_route=\/wp\/v2\/types\/page"}],"author":[{"embeddable":true,"href":"https:\/\/imt.ruhr\/index.php?rest_route=\/wp\/v2\/users\/1"}],"replies":[{"embeddable":true,"href":"https:\/\/imt.ruhr\/index.php?rest_route=%2Fwp%2Fv2%2Fcomments&post=10083"}],"version-history":[{"count":25,"href":"https:\/\/imt.ruhr\/index.php?rest_route=\/wp\/v2\/pages\/10083\/revisions"}],"predecessor-version":[{"id":14010,"href":"https:\/\/imt.ruhr\/index.php?rest_route=\/wp\/v2\/pages\/10083\/revisions\/14010"}],"wp:attachment":[{"href":"https:\/\/imt.ruhr\/index.php?rest_route=%2Fwp%2Fv2%2Fmedia&parent=10083"}],"curies":[{"name":"wp","href":"https:\/\/api.w.org\/{rel}","templated":true}]}}